{"id":6,"date":"2021-04-01T17:29:41","date_gmt":"2021-04-01T17:29:41","guid":{"rendered":"https:\/\/cstalmaza.md\/?page_id=6"},"modified":"2022-02-21T07:10:46","modified_gmt":"2022-02-21T07:10:46","slug":"despre","status":"publish","type":"page","link":"https:\/\/cstalmaza.md\/","title":{"rendered":"IMSP CS Talmaza"},"content":{"rendered":"\n<p>IMSP Centrul de S\u0103n\u0103tate Talmaza este o institu\u021bie medical\u0103 public\u0103 format\u0103 \u00een anul 2012 fondator fiind Consiliul raional \u0218tefan Vod\u0103.<\/p>\n\n\n\n<p><strong>Institu\u021bia este condus\u0103 de \u0218eful centrului de S\u0103n\u0103tate &#8211; \u021a\u00eeb\u00eernac Ivan<\/strong>.<\/p>\n\n\n\n<p>Prin Decizia nr. 1\/13 din 24 ianuarie 2013 &#8222;Cu privire la desemnarea \u00een func\u021bie de director al  IMSP Centru de s\u0103n\u0103tate Talmaza&#8221;  institu\u021bia este condus\u0103 de \u0218eful centrului de S\u0103n\u0103tate &#8211; \u021a\u00eeb\u00eernac Ivan , p\u00een\u0103 \u00een prezent.<\/p>\n\n\n\n<p><\/p>\n","protected":false},"excerpt":{"rendered":"<p>IMSP Centrul de S\u0103n\u0103tate Talmaza este o institu\u021bie medical\u0103 public\u0103 format\u0103 \u00een anul 2012 fondator fiind Consiliul raional \u0218tefan Vod\u0103. Institu\u021bia este condus\u0103 de \u0218eful centrului de S\u0103n\u0103tate &#8211; \u021a\u00eeb\u00eernac Ivan. Prin Decizia nr. 1\/13 din 24 ianuarie 2013 &#8222;Cu privire la desemnarea \u00een func\u021bie de director al IMSP Centru de s\u0103n\u0103tate Talmaza&#8221; institu\u021bia este [&hellip;]<\/p>\n","protected":false},"author":1,"featured_media":0,"parent":0,"menu_order":0,"comment_status":"closed","ping_status":"closed","template":"","meta":{"footnotes":""},"class_list":["post-6","page","type-page","status-publish","hentry"],"_links":{"self":[{"href":"https:\/\/cstalmaza.md\/index.php?rest_route=\/wp\/v2\/pages\/6","targetHints":{"allow":["GET"]}}],"collection":[{"href":"https:\/\/cstalmaza.md\/index.php?rest_route=\/wp\/v2\/pages"}],"about":[{"href":"https:\/\/cstalmaza.md\/index.php?rest_route=\/wp\/v2\/types\/page"}],"author":[{"embeddable":true,"href":"https:\/\/cstalmaza.md\/index.php?rest_route=\/wp\/v2\/users\/1"}],"replies":[{"embeddable":true,"href":"https:\/\/cstalmaza.md\/index.php?rest_route=%2Fwp%2Fv2%2Fcomments&post=6"}],"version-history":[{"count":10,"href":"https:\/\/cstalmaza.md\/index.php?rest_route=\/wp\/v2\/pages\/6\/revisions"}],"predecessor-version":[{"id":59,"href":"https:\/\/cstalmaza.md\/index.php?rest_route=\/wp\/v2\/pages\/6\/revisions\/59"}],"wp:attachment":[{"href":"https:\/\/cstalmaza.md\/index.php?rest_route=%2Fwp%2Fv2%2Fmedia&parent=6"}],"curies":[{"name":"wp","href":"https:\/\/api.w.org\/{rel}","templated":true}]}}